{"id":18,"date":"2025-10-01T11:58:01","date_gmt":"2025-10-01T09:58:01","guid":{"rendered":"https:\/\/cmrt-team.fr\/?page_id=18"},"modified":"2025-10-30T10:40:05","modified_gmt":"2025-10-30T09:40:05","slug":"contact","status":"publish","type":"page","link":"https:\/\/cmrt-team.fr\/?page_id=18","title":{"rendered":"Contact"},"content":{"rendered":"\n<h2 class=\"wp-block-heading alignfull has-text-align-center\">\ud83c\udfc1 <strong>Contactez CMRT<\/strong><\/h2>\n\n\n\n<h3 class=\"wp-block-heading alignfull has-text-align-center\"><strong>Une question, un projet ou une demande de devis ?<\/strong><\/h3>\n\n\n\n<div class=\"wp-block-group alignfull\"><div class=\"wp-block-group__inner-container is-layout-constrained wp-block-group-is-layout-constrained\">\n<p class=\"has-text-align-center\">L\u2019\u00e9quipe <strong>CMRT \u2013 Cl\u00e9ment Motors Racing Technics<\/strong> est \u00e0 votre \u00e9coute pour toute demande d\u2019information concernant l\u2019entretien, la pr\u00e9paration ou la location de v\u00e9hicules de comp\u00e9tition.<\/p>\n<\/div><\/div>\n\n\n\n<div class=\"wp-block-group alignfull\"><div class=\"wp-block-group__inner-container is-layout-constrained wp-block-group-is-layout-constrained\">\n<p class=\"has-text-align-center\">Nous prenons le temps d\u2019\u00e9changer avec chaque client afin de proposer la solution la plus adapt\u00e9e \u00e0 vos besoins \u2014 que vous soyez pilote amateur ou professionnel.<\/p>\n<\/div><\/div>\n\n\n\n<hr class=\"wp-block-separator has-alpha-channel-opacity\"\/>\n\n\n\n<div class=\"wp-block-group alignfull is-content-justification-center is-nowrap is-layout-flex wp-container-core-group-is-layout-94bc23d7 wp-block-group-is-layout-flex\">\n<div class=\"wp-block-group is-vertical is-content-justification-center is-layout-flex wp-container-core-group-is-layout-73a99bce wp-block-group-is-layout-flex\">\n<h3 class=\"wp-block-heading has-text-align-center\">\ud83d\udcde <strong>T\u00e9l\u00e9phone<\/strong><\/h3>\n\n\n\n<p class=\"has-text-align-center\">Pour un contact direct et rapide <br><strong>\ud83d\udcf1 07 80 05 57 32<\/strong><br><em>(disponible du lundi au vendredi de 8h \u00e0 19h)<\/em><\/p>\n<\/div>\n\n\n\n<div class=\"wp-block-group is-vertical is-content-justification-center is-layout-flex wp-container-core-group-is-layout-73a99bce wp-block-group-is-layout-flex\">\n<h3 class=\"wp-block-heading has-text-align-center\">\u2709\ufe0f <strong>Email<\/strong><\/h3>\n\n\n\n<p class=\"has-text-align-center\">Pour toute demande \u00e9crite ou envoi de documents :<br><strong>\ud83d\udce7 <a>concact.cmrt@gmail.com<\/a><\/strong><\/p>\n<\/div>\n<\/div>\n\n\n\n<figure class=\"wp-block-image alignwide size-large\"><img fetchpriority=\"high\" decoding=\"async\" width=\"1024\" height=\"683\" src=\"https:\/\/cmrt-team.fr\/wp-content\/uploads\/2025\/10\/IMG-20250813-WA0018-1024x683.jpg\" alt=\"\" class=\"wp-image-84\" srcset=\"https:\/\/cmrt-team.fr\/wp-content\/uploads\/2025\/10\/IMG-20250813-WA0018-1024x683.jpg 1024w, https:\/\/cmrt-team.fr\/wp-content\/uploads\/2025\/10\/IMG-20250813-WA0018-300x200.jpg 300w, https:\/\/cmrt-team.fr\/wp-content\/uploads\/2025\/10\/IMG-20250813-WA0018-768x512.jpg 768w, https:\/\/cmrt-team.fr\/wp-content\/uploads\/2025\/10\/IMG-20250813-WA0018-1536x1024.jpg 1536w, https:\/\/cmrt-team.fr\/wp-content\/uploads\/2025\/10\/IMG-20250813-WA0018-1200x800.jpg 1200w, https:\/\/cmrt-team.fr\/wp-content\/uploads\/2025\/10\/IMG-20250813-WA0018-1980x1320.jpg 1980w, https:\/\/cmrt-team.fr\/wp-content\/uploads\/2025\/10\/IMG-20250813-WA0018.jpg 2048w\" sizes=\"(max-width: 1024px) 100vw, 1024px\" \/><\/figure>\n\n\n\n<p><\/p>\n","protected":false},"excerpt":{"rendered":"<p>\ud83c\udfc1 Contactez CMRT Une question, un projet ou une demande de devis ? L\u2019\u00e9quipe CMRT \u2013 Cl\u00e9ment Motors Racing Technics est \u00e0 votre \u00e9coute pour toute demande d\u2019information concernant l\u2019entretien, la pr\u00e9paration ou la location de v\u00e9hicules de comp\u00e9tition. Nous prenons le temps d\u2019\u00e9changer avec chaque client afin de proposer la solution la plus adapt\u00e9e [&hellip;]<\/p>\n","protected":false},"author":1,"featured_media":0,"parent":0,"menu_order":4,"comment_status":"closed","ping_status":"closed","template":"","meta":{"footnotes":""},"class_list":["post-18","page","type-page","status-publish","hentry"],"_links":{"self":[{"href":"https:\/\/cmrt-team.fr\/index.php?rest_route=\/wp\/v2\/pages\/18","targetHints":{"allow":["GET"]}}],"collection":[{"href":"https:\/\/cmrt-team.fr\/index.php?rest_route=\/wp\/v2\/pages"}],"about":[{"href":"https:\/\/cmrt-team.fr\/index.php?rest_route=\/wp\/v2\/types\/page"}],"author":[{"embeddable":true,"href":"https:\/\/cmrt-team.fr\/index.php?rest_route=\/wp\/v2\/users\/1"}],"replies":[{"embeddable":true,"href":"https:\/\/cmrt-team.fr\/index.php?rest_route=%2Fwp%2Fv2%2Fcomments&post=18"}],"version-history":[{"count":11,"href":"https:\/\/cmrt-team.fr\/index.php?rest_route=\/wp\/v2\/pages\/18\/revisions"}],"predecessor-version":[{"id":114,"href":"https:\/\/cmrt-team.fr\/index.php?rest_route=\/wp\/v2\/pages\/18\/revisions\/114"}],"wp:attachment":[{"href":"https:\/\/cmrt-team.fr\/index.php?rest_route=%2Fwp%2Fv2%2Fmedia&parent=18"}],"curies":[{"name":"wp","href":"https:\/\/api.w.org\/{rel}","templated":true}]}}